{"id":545,"date":"2025-09-04T13:36:00","date_gmt":"2025-09-04T11:36:00","guid":{"rendered":"https:\/\/newst.mywater.community\/?page_id=545"},"modified":"2025-09-13T21:00:17","modified_gmt":"2025-09-13T19:00:17","slug":"offrir-mywater","status":"publish","type":"page","link":"https:\/\/newst.mywater.community\/?page_id=545","title":{"rendered":"Offrir MyWater"},"content":{"rendered":"\t\t<div data-elementor-type=\"wp-page\" data-elementor-id=\"545\" class=\"elementor elementor-545\">\n\t\t\t\t\t\t<section class=\"elementor-section elementor-top-section elementor-element elementor-element-fa07bf6 elementor-section-full_width elementor-section-height-full elementor-section-height-default elementor-section-items-middle\" data-id=\"fa07bf6\" data-element_type=\"section\" data-settings=\"{&quot;background_background&quot;:&quot;classic&quot;}\">\n\t\t\t\t\t\t<div class=\"elementor-container elementor-column-gap-default\">\n\t\t\t\t\t<div class=\"elementor-column elementor-col-100 elementor-top-column elementor-element elementor-element-7b53168\" data-id=\"7b53168\" data-element_type=\"column\">\n\t\t\t<div class=\"elementor-widget-wrap elementor-element-populated\">\n\t\t\t\t\t\t<section class=\"elementor-section elementor-inner-section elementor-element elementor-element-d0bac27 elementor-section-full_width elementor-section-height-default elementor-section-height-default elementor-invisible\" data-id=\"d0bac27\" data-element_type=\"section\" data-settings=\"{&quot;animation&quot;:&quot;fadeIn&quot;,&quot;animation_delay&quot;:100,&quot;background_background&quot;:&quot;classic&quot;}\">\n\t\t\t\t\t\t<div class=\"elementor-container elementor-column-gap-default\">\n\t\t\t\t\t<div class=\"elementor-column elementor-col-100 elementor-inner-column elementor-element elementor-element-94e9cd7\" data-id=\"94e9cd7\" data-element_type=\"column\">\n\t\t\t<div class=\"elementor-widget-wrap elementor-element-populated\">\n\t\t\t\t\t\t<div class=\"elementor-element elementor-element-7de7983 elementor-widget-mobile__width-inherit elementor-widget__width-inherit elementor-widget elementor-widget-text-editor\" data-id=\"7de7983\" data-element_type=\"widget\" data-widget_type=\"text-editor.default\">\n\t\t\t\t\t\t\t\t\t<span class=\"titleWithFaza\">Offrir une ann\u00e9e de <span class=\"lightBlue\">MyWater<\/span><\/span>\t\t\t\t\t\t\t\t<\/div>\n\t\t\t\t<div class=\"elementor-element elementor-element-6548a8d elementor-tablet-align-center elementor-widget__width-auto elementor-mobile-align-center elementor-widget-mobile__width-inherit elementor-widget elementor-widget-button\" data-id=\"6548a8d\" data-element_type=\"widget\" data-widget_type=\"button.default\">\n\t\t\t\t\t\t\t\t\t\t<a class=\"elementor-button elementor-button-link elementor-size-md elementor-animation-float\" href=\"#formEssaiOffert\">\n\t\t\t\t\t\t<span class=\"elementor-button-content-wrapper\">\n\t\t\t\t\t\t\t\t\t<span class=\"elementor-button-text\">Offrir MyWater<\/span>\n\t\t\t\t\t<\/span>\n\t\t\t\t\t<\/a>\n\t\t\t\t\t\t\t\t<\/div>\n\t\t\t\t\t<\/div>\n\t\t<\/div>\n\t\t\t\t\t<\/div>\n\t\t<\/section>\n\t\t\t\t\t<\/div>\n\t\t<\/div>\n\t\t\t\t\t<\/div>\n\t\t<\/section>\n\t\t\t\t<section class=\"elementor-section elementor-top-section elementor-element elementor-element-fe23bec elementor-section-boxed elementor-section-height-default elementor-section-height-default\" data-id=\"fe23bec\" data-element_type=\"section\" data-settings=\"{&quot;background_background&quot;:&quot;classic&quot;,&quot;shape_divider_top_negative&quot;:&quot;yes&quot;,&quot;shape_divider_top&quot;:&quot;waves&quot;,&quot;shape_divider_bottom&quot;:&quot;waves&quot;}\">\n\t\t\t\t\t\t\t<div class=\"elementor-background-overlay\"><\/div>\n\t\t\t\t\t\t<div class=\"elementor-shape elementor-shape-top\" aria-hidden=\"true\" data-negative=\"true\">\n\t\t\t<svg xmlns=\"http:\/\/www.w3.org\/2000\/svg\" viewBox=\"0 0 1000 100\" preserveAspectRatio=\"none\">\n\t<path class=\"elementor-shape-fill\" d=\"M790.5,93.1c-59.3-5.3-116.8-18-192.6-50c-29.6-12.7-76.9-31-100.5-35.9c-23.6-4.9-52.6-7.8-75.5-5.3\n\tc-10.2,1.1-22.6,1.4-50.1,7.4c-27.2,6.3-58.2,16.6-79.4,24.7c-41.3,15.9-94.9,21.9-134,22.6C72,58.2,0,25.8,0,25.8V100h1000V65.3\n\tc0,0-51.5,19.4-106.2,25.7C839.5,97,814.1,95.2,790.5,93.1z\"\/>\n<\/svg>\t\t<\/div>\n\t\t\t\t<div class=\"elementor-shape elementor-shape-bottom\" aria-hidden=\"true\" data-negative=\"false\">\n\t\t\t<svg xmlns=\"http:\/\/www.w3.org\/2000\/svg\" viewBox=\"0 0 1000 100\" preserveAspectRatio=\"none\">\n\t<path class=\"elementor-shape-fill\" d=\"M421.9,6.5c22.6-2.5,51.5,0.4,75.5,5.3c23.6,4.9,70.9,23.5,100.5,35.7c75.8,32.2,133.7,44.5,192.6,49.7\n\tc23.6,2.1,48.7,3.5,103.4-2.5c54.7-6,106.2-25.6,106.2-25.6V0H0v30.3c0,0,72,32.6,158.4,30.5c39.2-0.7,92.8-6.7,134-22.4\n\tc21.2-8.1,52.2-18.2,79.7-24.2C399.3,7.9,411.6,7.5,421.9,6.5z\"\/>\n<\/svg>\t\t<\/div>\n\t\t\t\t\t<div class=\"elementor-container elementor-column-gap-default\">\n\t\t\t\t\t<div class=\"elementor-column elementor-col-100 elementor-top-column elementor-element elementor-element-209c2ed\" data-id=\"209c2ed\" data-element_type=\"column\">\n\t\t\t<div class=\"elementor-widget-wrap elementor-element-populated\">\n\t\t\t\t\t\t<section class=\"elementor-section elementor-inner-section elementor-element elementor-element-81ad5cf elementor-section-full_width elementor-section-content-middle elementor-section-height-default elementor-section-height-default\" data-id=\"81ad5cf\" data-element_type=\"section\">\n\t\t\t\t\t\t<div class=\"elementor-container elementor-column-gap-default\">\n\t\t\t\t\t<div class=\"elementor-column elementor-col-50 elementor-inner-column elementor-element elementor-element-f71192b\" data-id=\"f71192b\" data-element_type=\"column\">\n\t\t\t<div class=\"elementor-widget-wrap elementor-element-populated\">\n\t\t\t\t\t\t<div class=\"elementor-element elementor-element-f016036 elementor-widget-mobile__width-inherit homeTitle elementor-widget elementor-widget-text-editor\" data-id=\"f016036\" data-element_type=\"widget\" data-widget_type=\"text-editor.default\">\n\t\t\t\t\t\t\t\t\t<span class=\"titleNewFont\"><span class=\"lightBlue\">OFFRIR <\/span><span class=\"darkBlue\" style=\"color: #193965;\">MyWater<\/span><\/span>\t\t\t\t\t\t\t\t<\/div>\n\t\t\t\t<div class=\"elementor-element elementor-element-eb0b056 elementor-widget elementor-widget-text-editor\" data-id=\"eb0b056\" data-element_type=\"widget\" data-widget_type=\"text-editor.default\">\n\t\t\t\t\t\t\t\t\t<p class=\"plcH\">Vous avez la possibilit\u00e9 d\u2019offrir une ann\u00e9e d\u2019utilisation de MyWater \u00e0 une personne de votre entourage.<\/p>\n<p class=\"plcH\">Veuillez s\u2019il vous pla\u00eet remplir ce formulaire si l\u2019id\u00e9e d\u2019offrir un cadeau bon pour nous et bon pour la plan\u00e8te vous s\u00e9duit.<\/p>\n<p class=\"plcH\">L\u2019abonnement sera pay\u00e9 par le donateur au tarif de base de 33 \u20ac \/ mois avec 15 jours offert par MyWater.<br>Les frais d\u2019installation sous l\u2019\u00e9vier (de 99 \u20ac minimum \u00e0 149 \u20ac maximum) sont en suppl\u00e9ment, selon la configuration de la cuisine.<\/p>\n<p class=\"plcH\">Merci beaucoup pour votre collaboration \ud83d\udc96<\/p>\t\t\t\t\t\t\t\t<\/div>\n\t\t\t\t<div class=\"elementor-element elementor-element-63a4a3c elementor-tablet-align-center elementor-widget__width-auto elementor-mobile-align-center elementor-widget-mobile__width-inherit elementor-widget elementor-widget-button\" data-id=\"63a4a3c\" data-element_type=\"widget\" data-widget_type=\"button.default\">\n\t\t\t\t\t\t\t\t\t\t<a class=\"elementor-button elementor-button-link elementor-size-md elementor-animation-float\" href=\"#formEssaiOffert\">\n\t\t\t\t\t\t<span class=\"elementor-button-content-wrapper\">\n\t\t\t\t\t\t\t\t\t<span class=\"elementor-button-text\">Offrir MyWater<\/span>\n\t\t\t\t\t<\/span>\n\t\t\t\t\t<\/a>\n\t\t\t\t\t\t\t\t<\/div>\n\t\t\t\t\t<\/div>\n\t\t<\/div>\n\t\t\t\t<div class=\"elementor-column elementor-col-50 elementor-inner-column elementor-element elementor-element-c059b34\" data-id=\"c059b34\" data-element_type=\"column\" data-settings=\"{&quot;background_background&quot;:&quot;classic&quot;}\">\n\t\t\t<div class=\"elementor-widget-wrap elementor-element-populated\">\n\t\t\t\t<style id=\"floating-anim-f44b15c\">\n                @keyframes floating-animation-f44b15c {\n                    0% { transform: translate(0, 0); }\n                    50% { transform: translate(0px, 15px); }\n                    100% { transform: translate(0, 0); }\n                }\n                .elementor-element-f44b15c {\n                    animation-name: floating-animation-f44b15c;\n                    animation-duration: 4000ms;\n                    animation-timing-function: ease-in-out;\n                    animation-iteration-count: infinite;\n                    animation-delay: 0ms;\n                }\n            <\/style>\t\t<div class=\"elementor-element elementor-element-f44b15c premium-floating-effects-yes kng-floating-animation-yes elementor-invisible elementor-widget elementor-widget-image\" data-id=\"f44b15c\" data-element_type=\"widget\" data-settings=\"{&quot;_animation&quot;:&quot;zoomIn&quot;,&quot;premium_fe_translate_switcher&quot;:&quot;yes&quot;,&quot;premium_fe_Xtranslate&quot;:{&quot;unit&quot;:&quot;px&quot;,&quot;size&quot;:&quot;&quot;,&quot;sizes&quot;:{&quot;from&quot;:0,&quot;to&quot;:0}},&quot;premium_fe_Ytranslate&quot;:{&quot;unit&quot;:&quot;px&quot;,&quot;size&quot;:&quot;&quot;,&quot;sizes&quot;:{&quot;from&quot;:0,&quot;to&quot;:15}},&quot;premium_fe_trans_duration&quot;:{&quot;unit&quot;:&quot;px&quot;,&quot;size&quot;:1500,&quot;sizes&quot;:[]},&quot;kng_floating_animation_switch&quot;:&quot;yes&quot;,&quot;kng_floating_animation_value&quot;:15,&quot;kng_floating_animation_duration&quot;:4000,&quot;kng_floating_animation_value_X&quot;:0,&quot;kng_floating_animation_delay&quot;:0,&quot;premium_fe_Xtranslate_tablet&quot;:{&quot;unit&quot;:&quot;px&quot;,&quot;size&quot;:&quot;&quot;,&quot;sizes&quot;:[]},&quot;premium_fe_Xtranslate_mobile&quot;:{&quot;unit&quot;:&quot;px&quot;,&quot;size&quot;:&quot;&quot;,&quot;sizes&quot;:[]},&quot;premium_fe_Ytranslate_tablet&quot;:{&quot;unit&quot;:&quot;px&quot;,&quot;size&quot;:&quot;&quot;,&quot;sizes&quot;:[]},&quot;premium_fe_Ytranslate_mobile&quot;:{&quot;unit&quot;:&quot;px&quot;,&quot;size&quot;:&quot;&quot;,&quot;sizes&quot;:[]},&quot;premium_fe_trans_delay&quot;:{&quot;unit&quot;:&quot;px&quot;,&quot;size&quot;:&quot;&quot;,&quot;sizes&quot;:[]},&quot;premium_fe_direction&quot;:&quot;alternate&quot;,&quot;premium_fe_loop&quot;:&quot;default&quot;,&quot;premium_fe_easing&quot;:&quot;easeInOutSine&quot;}\" data-widget_type=\"image.default\">\n\t\t\t\t\t\t\t\t\t\t\t\t\t\t\t<img fetchpriority=\"high\" decoding=\"async\" width=\"1024\" height=\"776\" src=\"https:\/\/newst.mywater.community\/wp-content\/uploads\/2025\/09\/MyWater-Machine-robinet-inox-1024x776.png\" class=\"attachment-large size-large wp-image-254\" alt=\"\" srcset=\"https:\/\/newst.mywater.community\/wp-content\/uploads\/2025\/09\/MyWater-Machine-robinet-inox-1024x776.png 1024w, https:\/\/newst.mywater.community\/wp-content\/uploads\/2025\/09\/MyWater-Machine-robinet-inox-300x227.png 300w, https:\/\/newst.mywater.community\/wp-content\/uploads\/2025\/09\/MyWater-Machine-robinet-inox-768x582.png 768w, https:\/\/newst.mywater.community\/wp-content\/uploads\/2025\/09\/MyWater-Machine-robinet-inox-200x152.png 200w, https:\/\/newst.mywater.community\/wp-content\/uploads\/2025\/09\/MyWater-Machine-robinet-inox.png 1243w\" sizes=\"(max-width: 1024px) 100vw, 1024px\" \/>\t\t\t\t\t\t\t\t\t\t\t\t\t\t\t<\/div>\n\t\t\t\t\t<\/div>\n\t\t<\/div>\n\t\t\t\t\t<\/div>\n\t\t<\/section>\n\t\t\t\t\t<\/div>\n\t\t<\/div>\n\t\t\t\t\t<\/div>\n\t\t<\/section>\n\t\t\t\t<section class=\"elementor-section elementor-top-section elementor-element elementor-element-c9f8ee2 elementor-section-boxed elementor-section-height-default elementor-section-height-default\" data-id=\"c9f8ee2\" data-element_type=\"section\" id=\"formEssaiOffert\" data-settings=\"{&quot;background_background&quot;:&quot;classic&quot;,&quot;shape_divider_top_negative&quot;:&quot;yes&quot;,&quot;shape_divider_top&quot;:&quot;waves&quot;,&quot;shape_divider_bottom&quot;:&quot;waves&quot;}\">\n\t\t\t\t\t\t\t<div class=\"elementor-background-overlay\"><\/div>\n\t\t\t\t\t\t<div class=\"elementor-shape elementor-shape-top\" aria-hidden=\"true\" data-negative=\"true\">\n\t\t\t<svg xmlns=\"http:\/\/www.w3.org\/2000\/svg\" viewBox=\"0 0 1000 100\" preserveAspectRatio=\"none\">\n\t<path class=\"elementor-shape-fill\" d=\"M790.5,93.1c-59.3-5.3-116.8-18-192.6-50c-29.6-12.7-76.9-31-100.5-35.9c-23.6-4.9-52.6-7.8-75.5-5.3\n\tc-10.2,1.1-22.6,1.4-50.1,7.4c-27.2,6.3-58.2,16.6-79.4,24.7c-41.3,15.9-94.9,21.9-134,22.6C72,58.2,0,25.8,0,25.8V100h1000V65.3\n\tc0,0-51.5,19.4-106.2,25.7C839.5,97,814.1,95.2,790.5,93.1z\"\/>\n<\/svg>\t\t<\/div>\n\t\t\t\t<div class=\"elementor-shape elementor-shape-bottom\" aria-hidden=\"true\" data-negative=\"false\">\n\t\t\t<svg xmlns=\"http:\/\/www.w3.org\/2000\/svg\" viewBox=\"0 0 1000 100\" preserveAspectRatio=\"none\">\n\t<path class=\"elementor-shape-fill\" d=\"M421.9,6.5c22.6-2.5,51.5,0.4,75.5,5.3c23.6,4.9,70.9,23.5,100.5,35.7c75.8,32.2,133.7,44.5,192.6,49.7\n\tc23.6,2.1,48.7,3.5,103.4-2.5c54.7-6,106.2-25.6,106.2-25.6V0H0v30.3c0,0,72,32.6,158.4,30.5c39.2-0.7,92.8-6.7,134-22.4\n\tc21.2-8.1,52.2-18.2,79.7-24.2C399.3,7.9,411.6,7.5,421.9,6.5z\"\/>\n<\/svg>\t\t<\/div>\n\t\t\t\t\t<div class=\"elementor-container elementor-column-gap-default\">\n\t\t\t\t\t<div class=\"elementor-column elementor-col-100 elementor-top-column elementor-element elementor-element-18aa3f0\" data-id=\"18aa3f0\" data-element_type=\"column\" data-settings=\"{&quot;background_background&quot;:&quot;classic&quot;}\">\n\t\t\t<div class=\"elementor-widget-wrap elementor-element-populated\">\n\t\t\t\t\t\t<section class=\"elementor-section elementor-inner-section elementor-element elementor-element-6b1d555 elementor-section-full_width elementor-section-content-middle elementor-section-height-default elementor-section-height-default\" data-id=\"6b1d555\" data-element_type=\"section\">\n\t\t\t\t\t\t<div class=\"elementor-container elementor-column-gap-default\">\n\t\t\t\t\t<div class=\"elementor-column elementor-col-100 elementor-inner-column elementor-element elementor-element-d9ad4ac\" data-id=\"d9ad4ac\" data-element_type=\"column\">\n\t\t\t<div class=\"elementor-widget-wrap elementor-element-populated\">\n\t\t\t\t\t\t<div class=\"elementor-element elementor-element-391ed22 elementor-widget-mobile__width-inherit homeTitle elementor-widget elementor-widget-text-editor\" data-id=\"391ed22\" data-element_type=\"widget\" data-widget_type=\"text-editor.default\">\n\t\t\t\t\t\t\t\t\t<p><span class=\"titleWithFaza\"><span class=\"upperCase\">R\u00e9servez <\/span><span class=\"lightBlue\">l&rsquo;essai MyWater<\/span><\/span><\/p>\t\t\t\t\t\t\t\t<\/div>\n\t\t\t\t\t<\/div>\n\t\t<\/div>\n\t\t\t\t\t<\/div>\n\t\t<\/section>\n\t\t\t\t<section class=\"elementor-section elementor-inner-section elementor-element elementor-element-ebfafc1 elementor-section-full_width elementor-section-content-middle elementor-section-height-default elementor-section-height-default\" data-id=\"ebfafc1\" data-element_type=\"section\">\n\t\t\t\t\t\t<div class=\"elementor-container elementor-column-gap-default\">\n\t\t\t\t\t<div class=\"elementor-column elementor-col-100 elementor-inner-column elementor-element elementor-element-c642e9c\" data-id=\"c642e9c\" data-element_type=\"column\" data-settings=\"{&quot;background_background&quot;:&quot;classic&quot;}\">\n\t\t\t<div class=\"elementor-widget-wrap elementor-element-populated\">\n\t\t\t\t\t\t<div class=\"elementor-element elementor-element-2dd4085 elementor-widget elementor-widget-html\" data-id=\"2dd4085\" data-element_type=\"widget\" id=\"formContactBL\" data-widget_type=\"html.default\">\n\t\t\t\t\t<div id=\"releveForm\"><\/div>\n<p id=\"message\"><\/p>\n\n<script>\nwindow.addEventListener('load', function() {\n    maxwidth = document.getElementById('formContactBL').offsetWidth+'px';;\n    const messageElement = document.getElementById('message');\n    const releveFormDiv = document.getElementById('releveForm');\n    \n    \n    const link = `https:\/\/qrcodemywater.com\/cheque-cadeau`;\n    \n    const iframe = document.createElement('iframe');\n    iframe.src = link;\n    iframe.width = maxwidth;\n    const isMobile = \/iPhone|iPad|iPod|Android\/i.test(navigator.userAgent);\n    iframe.height = isMobile ? \"1400px\" : \"900px\";\n    iframe.frameBorder = \"0\";\n    iframe.allowFullscreen = true;\n\n    releveFormDiv.appendChild(iframe);\n});\n<\/script>\t\t\t\t<\/div>\n\t\t\t\t\t<\/div>\n\t\t<\/div>\n\t\t\t\t\t<\/div>\n\t\t<\/section>\n\t\t\t\t\t<\/div>\n\t\t<\/div>\n\t\t\t\t\t<\/div>\n\t\t<\/section>\n\t\t\t\t<section class=\"elementor-section elementor-top-section elementor-element elementor-element-a323893 elementor-section-full_width preFooter elementor-section-height-default elementor-section-height-default\" data-id=\"a323893\" data-element_type=\"section\" data-settings=\"{&quot;shape_divider_top_negative&quot;:&quot;yes&quot;,&quot;background_background&quot;:&quot;classic&quot;,&quot;shape_divider_top&quot;:&quot;waves&quot;}\">\n\t\t\t\t\t<div class=\"elementor-shape elementor-shape-top\" aria-hidden=\"true\" data-negative=\"true\">\n\t\t\t<svg xmlns=\"http:\/\/www.w3.org\/2000\/svg\" viewBox=\"0 0 1000 100\" preserveAspectRatio=\"none\">\n\t<path class=\"elementor-shape-fill\" d=\"M790.5,93.1c-59.3-5.3-116.8-18-192.6-50c-29.6-12.7-76.9-31-100.5-35.9c-23.6-4.9-52.6-7.8-75.5-5.3\n\tc-10.2,1.1-22.6,1.4-50.1,7.4c-27.2,6.3-58.2,16.6-79.4,24.7c-41.3,15.9-94.9,21.9-134,22.6C72,58.2,0,25.8,0,25.8V100h1000V65.3\n\tc0,0-51.5,19.4-106.2,25.7C839.5,97,814.1,95.2,790.5,93.1z\"\/>\n<\/svg>\t\t<\/div>\n\t\t\t\t\t<div class=\"elementor-container elementor-column-gap-no\">\n\t\t\t\t\t<div class=\"elementor-column elementor-col-100 elementor-top-column elementor-element elementor-element-0d55e09\" data-id=\"0d55e09\" data-element_type=\"column\">\n\t\t\t<div class=\"elementor-widget-wrap elementor-element-populated\">\n\t\t\t\t\t\t<section class=\"elementor-section elementor-inner-section elementor-element elementor-element-0538a65 elementor-section-height-min-height elementor-reverse-tablet elementor-reverse-mobile elementor-section-boxed elementor-section-height-default\" data-id=\"0538a65\" data-element_type=\"section\">\n\t\t\t\t\t\t<div class=\"elementor-container elementor-column-gap-default\">\n\t\t\t\t\t<div class=\"elementor-column elementor-col-50 elementor-inner-column elementor-element elementor-element-ca3fe83\" data-id=\"ca3fe83\" data-element_type=\"column\" data-settings=\"{&quot;background_background&quot;:&quot;classic&quot;}\">\n\t\t\t<div class=\"elementor-widget-wrap elementor-element-populated\">\n\t\t\t\t<style id=\"floating-anim-e857cea\">\n                @keyframes floating-animation-e857cea {\n                    0% { transform: translate(0, 0); }\n                    50% { transform: translate(0px, 15px); }\n                    100% { transform: translate(0, 0); }\n                }\n                .elementor-element-e857cea {\n                    animation-name: floating-animation-e857cea;\n                    animation-duration: 4000ms;\n                    animation-timing-function: ease-in-out;\n                    animation-iteration-count: infinite;\n                    animation-delay: 0ms;\n                }\n            <\/style>\t\t<div class=\"elementor-element elementor-element-e857cea premium-floating-effects-yes kng-floating-animation-yes elementor-invisible elementor-widget elementor-widget-image\" data-id=\"e857cea\" data-element_type=\"widget\" data-settings=\"{&quot;_animation&quot;:&quot;zoomIn&quot;,&quot;premium_fe_translate_switcher&quot;:&quot;yes&quot;,&quot;premium_fe_Xtranslate&quot;:{&quot;unit&quot;:&quot;px&quot;,&quot;size&quot;:&quot;&quot;,&quot;sizes&quot;:{&quot;from&quot;:0,&quot;to&quot;:0}},&quot;premium_fe_Ytranslate&quot;:{&quot;unit&quot;:&quot;px&quot;,&quot;size&quot;:&quot;&quot;,&quot;sizes&quot;:{&quot;from&quot;:0,&quot;to&quot;:15}},&quot;premium_fe_trans_duration&quot;:{&quot;unit&quot;:&quot;px&quot;,&quot;size&quot;:1500,&quot;sizes&quot;:[]},&quot;kng_floating_animation_switch&quot;:&quot;yes&quot;,&quot;kng_floating_animation_value&quot;:15,&quot;kng_floating_animation_duration&quot;:4000,&quot;kng_floating_animation_value_X&quot;:0,&quot;kng_floating_animation_delay&quot;:0,&quot;premium_fe_Xtranslate_tablet&quot;:{&quot;unit&quot;:&quot;px&quot;,&quot;size&quot;:&quot;&quot;,&quot;sizes&quot;:[]},&quot;premium_fe_Xtranslate_mobile&quot;:{&quot;unit&quot;:&quot;px&quot;,&quot;size&quot;:&quot;&quot;,&quot;sizes&quot;:[]},&quot;premium_fe_Ytranslate_tablet&quot;:{&quot;unit&quot;:&quot;px&quot;,&quot;size&quot;:&quot;&quot;,&quot;sizes&quot;:[]},&quot;premium_fe_Ytranslate_mobile&quot;:{&quot;unit&quot;:&quot;px&quot;,&quot;size&quot;:&quot;&quot;,&quot;sizes&quot;:[]},&quot;premium_fe_trans_delay&quot;:{&quot;unit&quot;:&quot;px&quot;,&quot;size&quot;:&quot;&quot;,&quot;sizes&quot;:[]},&quot;premium_fe_direction&quot;:&quot;alternate&quot;,&quot;premium_fe_loop&quot;:&quot;default&quot;,&quot;premium_fe_easing&quot;:&quot;easeInOutSine&quot;}\" data-widget_type=\"image.default\">\n\t\t\t\t\t\t\t\t\t\t\t\t\t\t\t<img decoding=\"async\" width=\"1196\" height=\"942\" src=\"https:\/\/newst.mywater.community\/wp-content\/uploads\/2025\/08\/i-love-mywater-community.png\" class=\"attachment-full size-full wp-image-105\" alt=\"\" srcset=\"https:\/\/newst.mywater.community\/wp-content\/uploads\/2025\/08\/i-love-mywater-community.png 1196w, https:\/\/newst.mywater.community\/wp-content\/uploads\/2025\/08\/i-love-mywater-community-300x236.png 300w, https:\/\/newst.mywater.community\/wp-content\/uploads\/2025\/08\/i-love-mywater-community-1024x807.png 1024w, https:\/\/newst.mywater.community\/wp-content\/uploads\/2025\/08\/i-love-mywater-community-768x605.png 768w, https:\/\/newst.mywater.community\/wp-content\/uploads\/2025\/08\/i-love-mywater-community-200x158.png 200w\" sizes=\"(max-width: 1196px) 100vw, 1196px\" \/>\t\t\t\t\t\t\t\t\t\t\t\t\t\t\t<\/div>\n\t\t\t\t\t<\/div>\n\t\t<\/div>\n\t\t\t\t<div class=\"elementor-column elementor-col-50 elementor-inner-column elementor-element elementor-element-f6d774e\" data-id=\"f6d774e\" data-element_type=\"column\">\n\t\t\t<div class=\"elementor-widget-wrap elementor-element-populated\">\n\t\t\t\t\t\t<div class=\"elementor-element elementor-element-c10a148 elementor-widget elementor-widget-text-editor\" data-id=\"c10a148\" data-element_type=\"widget\" data-widget_type=\"text-editor.default\">\n\t\t\t\t\t\t\t\t\t<p class=\"plcH\">Vous pouvez faire confiance \u00e0 <span class=\"goldColor\">l&rsquo;eau<\/span> que vous buvez pour votre sant\u00e9. Faites confiance \u00e0 MyWater, son service et \u00e0 <span class=\"goldColor\">la communaut\u00e9<\/span>.<\/p>\n<p class=\"plcH\">C&rsquo;est cette confiance dans la nature, l&rsquo;humain et la technologie que nous promouvons car nous sommes convaincus qu&rsquo;elle est la cl\u00e9 pour <span class=\"goldColor\">un monde meilleur<\/span> et plus sain.<\/p>\n<p class=\"plcH\">L&rsquo;\u00e9quipe MyWater<\/p>\t\t\t\t\t\t\t\t<\/div>\n\t\t\t\t\t<\/div>\n\t\t<\/div>\n\t\t\t\t\t<\/div>\n\t\t<\/section>\n\t\t\t\t\t<\/div>\n\t\t<\/div>\n\t\t\t\t\t<\/div>\n\t\t<\/section>\n\t\t\t\t<\/div>\n\t\t","protected":false},"excerpt":{"rendered":"<p>Offrir une ann\u00e9e de MyWater Offrir MyWater OFFRIR MyWater Vous avez la possibilit\u00e9 d\u2019offrir une ann\u00e9e d\u2019utilisation de MyWater \u00e0 une personne de votre entourage. Veuillez s\u2019il vous pla\u00eet remplir ce formulaire si l\u2019id\u00e9e d\u2019offrir un cadeau bon pour nous et bon pour la plan\u00e8te vous s\u00e9duit. L\u2019abonnement sera pay\u00e9 par le donateur au tarif [&hellip;]<\/p>\n","protected":false},"author":1,"featured_media":0,"parent":0,"menu_order":0,"comment_status":"closed","ping_status":"closed","template":"page-templates\/template-full-width-page-without-header-title.php","meta":{"footnotes":""},"class_list":["post-545","page","type-page","status-publish","hentry"],"_links":{"self":[{"href":"https:\/\/newst.mywater.community\/index.php?rest_route=\/wp\/v2\/pages\/545","targetHints":{"allow":["GET"]}}],"collection":[{"href":"https:\/\/newst.mywater.community\/index.php?rest_route=\/wp\/v2\/pages"}],"about":[{"href":"https:\/\/newst.mywater.community\/index.php?rest_route=\/wp\/v2\/types\/page"}],"author":[{"embeddable":true,"href":"https:\/\/newst.mywater.community\/index.php?rest_route=\/wp\/v2\/users\/1"}],"replies":[{"embeddable":true,"href":"https:\/\/newst.mywater.community\/index.php?rest_route=%2Fwp%2Fv2%2Fcomments&post=545"}],"version-history":[{"count":55,"href":"https:\/\/newst.mywater.community\/index.php?rest_route=\/wp\/v2\/pages\/545\/revisions"}],"predecessor-version":[{"id":1043,"href":"https:\/\/newst.mywater.community\/index.php?rest_route=\/wp\/v2\/pages\/545\/revisions\/1043"}],"wp:attachment":[{"href":"https:\/\/newst.mywater.community\/index.php?rest_route=%2Fwp%2Fv2%2Fmedia&parent=545"}],"curies":[{"name":"wp","href":"https:\/\/api.w.org\/{rel}","templated":true}]}}